{"id":342,"date":"2018-05-23T15:22:39","date_gmt":"2018-05-23T13:22:39","guid":{"rendered":"https:\/\/madroot.net\/?page_id=342"},"modified":"2022-09-16T15:38:29","modified_gmt":"2022-09-16T13:38:29","slug":"imr-und-ds","status":"publish","type":"page","link":"https:\/\/madroot.net\/?page_id=342","title":{"rendered":"Impressum und Datenschutz"},"content":{"rendered":"<p>\u2026gibts hier keins.<\/p>\n<p>Es handelt sich um einen privaten Blog welcher ohne Gewinnerzielungsabsicht zur pers\u00f6nlichen Nutzung betrieben wird. Zweck: siehe Blogtitel\u00a0?<\/p>\n<p>Sollte trotzdem irgendjemand ein Problem mit irgendeinem Inhalt \u00a0dieser Seite haben,dann wird er\/sie hiermit aufgefordert sich unter Angabe von Gr\u00fcnden an folgende eMail-Adresse zu wenden:<\/p>\n<p>t i m m e y (A T) m a d r o o t (p u n k t) n e t<\/p>\n<p>&nbsp;<\/p>\n<p><strong>Datenschutzerkl\u00e4rung<\/strong>:<\/p>\n<p>Auf den Seite der Pr\u00e4senz madroot.net werden keine pers\u00f6nlichen Daten abgefragt oder gespeichert,au\u00dfer:<\/p>\n<ul>\n<li>IP-Adressen der Besucher (tempor\u00e4r) um die technische Funktionalit\u00e4t bzw. Auslieferung der Webseite an Ihren Browser sicherzustellen sowie zum Nachweis eventueller Angriffe oder sch\u00e4dlichem Verhalten von Nutzern. Die Speicherzeit betr\u00e4gt im Regelfall 30 Tage<\/li>\n<li>Evtl. Ihre E-Mail-Adresse soweit Sie uns \u00fcber die angegebenen Kontaktm\u00f6glichkeiten kontaktiert haben.<\/li>\n<li>verlinkte Videos oder Beitr\u00e4ge entziehen sich unserem Einfluss. Es ist m\u00f6glich,dass andere Seiten Daten \u00fcber Sie sammeln. Dies lesen Sie bitte ggf. auf den jeweils verlinkten Seiten nach.<\/li>\n<li>Es werden keine Daten an externe Personen oder Unternehmen weitergegeben<\/li>\n<\/ul>\n","protected":false},"excerpt":{"rendered":"<p>\u2026gibts hier keins. Es handelt sich um einen privaten Blog welcher ohne Gewinnerzielungsabsicht zur pers\u00f6nlichen Nutzung betrieben wird. Zweck: siehe Blogtitel\u00a0? Sollte trotzdem irgendjemand ein Problem mit irgendeinem Inhalt \u00a0dieser Seite haben,dann wird er\/sie hiermit aufgefordert sich unter Angabe von Gr\u00fcnden an folgende eMail-Adresse zu wenden: t i m m e y (A T) m [&hellip;]<\/p>\n","protected":false},"author":1,"featured_media":0,"parent":0,"menu_order":0,"comment_status":"closed","ping_status":"closed","template":"","meta":{"footnotes":""},"class_list":["post-342","page","type-page","status-publish","hentry"],"_links":{"self":[{"href":"https:\/\/madroot.net\/index.php?rest_route=\/wp\/v2\/pages\/342","targetHints":{"allow":["GET"]}}],"collection":[{"href":"https:\/\/madroot.net\/index.php?rest_route=\/wp\/v2\/pages"}],"about":[{"href":"https:\/\/madroot.net\/index.php?rest_route=\/wp\/v2\/types\/page"}],"author":[{"embeddable":true,"href":"https:\/\/madroot.net\/index.php?rest_route=\/wp\/v2\/users\/1"}],"replies":[{"embeddable":true,"href":"https:\/\/madroot.net\/index.php?rest_route=%2Fwp%2Fv2%2Fcomments&post=342"}],"version-history":[{"count":5,"href":"https:\/\/madroot.net\/index.php?rest_route=\/wp\/v2\/pages\/342\/revisions"}],"predecessor-version":[{"id":463,"href":"https:\/\/madroot.net\/index.php?rest_route=\/wp\/v2\/pages\/342\/revisions\/463"}],"wp:attachment":[{"href":"https:\/\/madroot.net\/index.php?rest_route=%2Fwp%2Fv2%2Fmedia&parent=342"}],"curies":[{"name":"wp","href":"https:\/\/api.w.org\/{rel}","templated":true}]}}